{"id":1862,"date":"2023-10-14T18:13:05","date_gmt":"2023-10-14T18:13:05","guid":{"rendered":"https:\/\/youthincubation.tett-hely.hu\/?page_id=1862"},"modified":"2023-11-04T11:27:06","modified_gmt":"2023-11-04T11:27:06","slug":"partner-organizations","status":"publish","type":"page","link":"https:\/\/youthincubation.eu\/index.php\/partner-organizations\/","title":{"rendered":"Partner organizations"},"content":{"rendered":"\t\t<div data-elementor-type=\"wp-page\" data-elementor-id=\"1862\" class=\"elementor elementor-1862\">\n\t\t\t\t\t\t\t\t\t<section class=\"elementor-section elementor-top-section elementor-element elementor-element-nanqgtl elementor-section-height-min-height elementor-section-boxed elementor-section-height-default elementor-section-items-middle\" data-id=\"nanqgtl\" data-element_type=\"section\" data-settings=\"{&quot;background_background&quot;:&quot;classic&quot;}\">\n\t\t\t\t\t\t\t<div class=\"elementor-background-overlay\"><\/div>\n\t\t\t\t\t\t\t<div class=\"elementor-container elementor-column-gap-no\">\n\t\t\t\t\t<div class=\"elementor-column elementor-col-100 elementor-top-column elementor-element elementor-element-3d6b208\" data-id=\"3d6b208\" data-element_type=\"column\">\n\t\t\t<div class=\"elementor-widget-wrap elementor-element-populated\">\n\t\t\t\t\t\t\t\t<div class=\"elementor-element elementor-element-66e834c elementor-widget elementor-widget-heading\" data-id=\"66e834c\" data-element_type=\"widget\" data-widget_type=\"heading.default\">\n\t\t\t\t<div class=\"elementor-widget-container\">\n\t\t\t<style>\/*! elementor - v3.17.0 - 01-11-2023 *\/\n.elementor-heading-title{padding:0;margin:0;line-height:1}.elementor-widget-heading .elementor-heading-title[class*=elementor-size-]>a{color:inherit;font-size:inherit;line-height:inherit}.elementor-widget-heading .elementor-heading-title.elementor-size-small{font-size:15px}.elementor-widget-heading .elementor-heading-title.elementor-size-medium{font-size:19px}.elementor-widget-heading .elementor-heading-title.elementor-size-large{font-size:29px}.elementor-widget-heading .elementor-heading-title.elementor-size-xl{font-size:39px}.elementor-widget-heading .elementor-heading-title.elementor-size-xxl{font-size:59px}<\/style><h2 class=\"elementor-heading-title elementor-size-default\">PARTNER ORGANISATIONS<\/h2>\t\t<\/div>\n\t\t\t\t<\/div>\n\t\t\t\t\t<\/div>\n\t\t<\/div>\n\t\t\t\t\t\t\t<\/div>\n\t\t<\/section>\n\t\t\t\t<section class=\"elementor-section elementor-top-section elementor-element elementor-element-qepqpri elementor-section-boxed elementor-section-height-default elementor-section-height-default\" data-id=\"qepqpri\" data-element_type=\"section\" data-settings=\"{&quot;background_background&quot;:&quot;classic&quot;}\">\n\t\t\t\t\t\t<div class=\"elementor-container elementor-column-gap-no\">\n\t\t\t\t\t<div class=\"elementor-column elementor-col-50 elementor-top-column elementor-element elementor-element-1a4e914\" data-id=\"1a4e914\" data-element_type=\"column\" data-settings=\"{&quot;background_background&quot;:&quot;classic&quot;}\">\n\t\t\t<div class=\"elementor-widget-wrap elementor-element-populated\">\n\t\t\t\t\t\t\t\t<div class=\"elementor-element elementor-element-971cfad elementor-widget elementor-widget-image\" data-id=\"971cfad\" data-element_type=\"widget\" data-widget_type=\"image.default\">\n\t\t\t\t<div class=\"elementor-widget-container\">\n\t\t\t<style>\/*! elementor - v3.17.0 - 01-11-2023 *\/\n.elementor-widget-image{text-align:center}.elementor-widget-image a{display:inline-block}.elementor-widget-image a img[src$=\".svg\"]{width:48px}.elementor-widget-image img{vertical-align:middle;display:inline-block}<\/style>\t\t\t\t\t\t\t\t\t\t\t\t<img loading=\"lazy\" decoding=\"async\" width=\"1920\" height=\"1080\" src=\"https:\/\/youthincubation.tett-hely.hu\/wp-content\/uploads\/2023\/10\/18.jpg\" class=\"attachment-full size-full wp-image-2363\" alt=\"\" srcset=\"https:\/\/youthincubation.tett-hely.hu\/wp-content\/uploads\/2023\/10\/18.jpg 1920w, https:\/\/youthincubation.tett-hely.hu\/wp-content\/uploads\/2023\/10\/18-300x169.jpg 300w, https:\/\/youthincubation.tett-hely.hu\/wp-content\/uploads\/2023\/10\/18-1024x576.jpg 1024w, https:\/\/youthincubation.tett-hely.hu\/wp-content\/uploads\/2023\/10\/18-768x432.jpg 768w, https:\/\/youthincubation.tett-hely.hu\/wp-content\/uploads\/2023\/10\/18-1536x864.jpg 1536w\" sizes=\"auto, (max-width: 1920px) 100vw, 1920px\" \/>\t\t\t\t\t\t\t\t\t\t\t\t\t\t\t<\/div>\n\t\t\t\t<\/div>\n\t\t\t\t\t<\/div>\n\t\t<\/div>\n\t\t\t\t<div class=\"elementor-column elementor-col-50 elementor-top-column elementor-element elementor-element-572841d\" data-id=\"572841d\" data-element_type=\"column\">\n\t\t\t<div class=\"elementor-widget-wrap elementor-element-populated\">\n\t\t\t\t\t\t\t\t<div class=\"elementor-element elementor-element-de89e1a elementor-widget elementor-widget-heading\" data-id=\"de89e1a\" data-element_type=\"widget\" data-widget_type=\"heading.default\">\n\t\t\t\t<div class=\"elementor-widget-container\">\n\t\t\t<h5 class=\"elementor-heading-title elementor-size-default\">Youth for Diversity Agder <\/h5>\t\t<\/div>\n\t\t\t\t<\/div>\n\t\t\t\t<div class=\"elementor-element elementor-element-1aa2a02 elementor-widget elementor-widget-text-editor\" data-id=\"1aa2a02\" data-element_type=\"widget\" data-widget_type=\"text-editor.default\">\n\t\t\t\t<div class=\"elementor-widget-container\">\n\t\t\t<style>\/*! elementor - v3.17.0 - 01-11-2023 *\/\n.elementor-widget-text-editor.elementor-drop-cap-view-stacked .elementor-drop-cap{background-color:#69727d;color:#fff}.elementor-widget-text-editor.elementor-drop-cap-view-framed .elementor-drop-cap{color:#69727d;border:3px solid;background-color:transparent}.elementor-widget-text-editor:not(.elementor-drop-cap-view-default) .elementor-drop-cap{margin-top:8px}.elementor-widget-text-editor:not(.elementor-drop-cap-view-default) .elementor-drop-cap-letter{width:1em;height:1em}.elementor-widget-text-editor .elementor-drop-cap{float:left;text-align:center;line-height:1;font-size:50px}.elementor-widget-text-editor .elementor-drop-cap-letter{display:inline-block}<\/style>\t\t\t\t<p>I.D.E.A. Project beneficiary<\/p><p>\u00a0<\/p><p>MISSION:\u00a0<\/p><p><span style=\"font-weight: 400;\">To break down misconceptions around and discrimination towards minorities and work towards a sustainable and environmentally friendly future with the use of digitalisation through<\/span> local and global <span style=\"font-weight: 400;\">community work.\u00a0<\/span><\/p>\t\t\t\t\t\t<\/div>\n\t\t\t\t<\/div>\n\t\t\t\t<div class=\"elementor-element elementor-element-bef1564 elementor-widget elementor-widget-text-editor\" data-id=\"bef1564\" data-element_type=\"widget\" data-widget_type=\"text-editor.default\">\n\t\t\t\t<div class=\"elementor-widget-container\">\n\t\t\t\t\t\t\t<p>ACTIVITIES:<\/p><p>YDA has local and international activities all with a focus on non-formal learning, democracy, civic participation, European citizenship, and social entrepreneurship. Locally we have held workshops, events, protests, and other projects cooperating with local youth organisations and public bodies such as the municipality, the university, and the local peace and human rights centre. On an international level we have participated and facilitated Erasmus+ youth mobilities.\u00a0<\/p>\t\t\t\t\t\t<\/div>\n\t\t\t\t<\/div>\n\t\t\t\t<div class=\"elementor-element elementor-element-606b1b6 elementor-widget elementor-widget-heading\" data-id=\"606b1b6\" data-element_type=\"widget\" data-widget_type=\"heading.default\">\n\t\t\t\t<div class=\"elementor-widget-container\">\n\t\t\t<h6 class=\"elementor-heading-title elementor-size-default\"><a href=\"https:\/\/instagram.com\/ydagder?igshid=NzZlODBkYWE4Ng%3D%3D&#038;utm_source=qr\">Email: ydagder@gmail.com<br>Instagram\/Facebook: @ydagder<br>Phone: +47 966 71710<\/a><\/h6>\t\t<\/div>\n\t\t\t\t<\/div>\n\t\t\t\t\t<\/div>\n\t\t<\/div>\n\t\t\t\t\t\t\t<\/div>\n\t\t<\/section>\n\t\t\t\t<section class=\"elementor-section elementor-top-section elementor-element elementor-element-443e09e elementor-section-boxed elementor-section-height-default elementor-section-height-default\" data-id=\"443e09e\" data-element_type=\"section\" data-settings=\"{&quot;background_background&quot;:&quot;classic&quot;}\">\n\t\t\t\t\t\t<div class=\"elementor-container elementor-column-gap-no\">\n\t\t\t\t\t<div class=\"elementor-column elementor-col-50 elementor-top-column elementor-element elementor-element-006afc5\" data-id=\"006afc5\" data-element_type=\"column\">\n\t\t\t<div class=\"elementor-widget-wrap elementor-element-populated\">\n\t\t\t\t\t\t\t\t<div class=\"elementor-element elementor-element-0c6eb4c elementor-widget elementor-widget-heading\" data-id=\"0c6eb4c\" data-element_type=\"widget\" data-widget_type=\"heading.default\">\n\t\t\t\t<div class=\"elementor-widget-container\">\n\t\t\t<h5 class=\"elementor-heading-title elementor-size-default\">Tett-Hely Ifj\u00fas\u00e1gi Egyes\u00fclet <\/h5>\t\t<\/div>\n\t\t\t\t<\/div>\n\t\t\t\t<div class=\"elementor-element elementor-element-c879f41 elementor-widget elementor-widget-text-editor\" data-id=\"c879f41\" data-element_type=\"widget\" data-widget_type=\"text-editor.default\">\n\t\t\t\t<div class=\"elementor-widget-container\">\n\t\t\t\t\t\t\t<p>I.D.E.A. Project partner<\/p><p>\u00a0<\/p><p><strong>MISSION STATEMENT:<\/strong><\/p><p>The Tett- Hely Ifj\u00fas\u00e1gi Egyes\u00fclet (THE), formerly known as the D\u00e9l-Pannon Fiatalok Eur\u00f3p\u00e1\u00e9rt Egyes\u00fclet, is dedicated to representing and promoting the interests of the youth age group. Their primary mission is to assist the young generation in creating the conditions for a successful life.\u00a0<\/p>\t\t\t\t\t\t<\/div>\n\t\t\t\t<\/div>\n\t\t\t\t<div class=\"elementor-element elementor-element-fcf519f elementor-widget elementor-widget-text-editor\" data-id=\"fcf519f\" data-element_type=\"widget\" data-widget_type=\"text-editor.default\">\n\t\t\t\t<div class=\"elementor-widget-container\">\n\t\t\t\t\t\t\t<p><strong>ACTIVITIES:<\/strong><\/p><p>They engage in active civic participation at the local, regional, national, and European levels. They are actively imparting knowledge and experience, fostering positive values, and providing opportunities for involvement in concrete activities and leisure programs. They have experience in participating and facilitating Erasmus+ mobility projects, and have hosted many EVS volunteers over the years.\u00a0<\/p>\t\t\t\t\t\t<\/div>\n\t\t\t\t<\/div>\n\t\t\t\t<div class=\"elementor-element elementor-element-f7b9bd8 elementor-widget elementor-widget-heading\" data-id=\"f7b9bd8\" data-element_type=\"widget\" data-widget_type=\"heading.default\">\n\t\t\t\t<div class=\"elementor-widget-container\">\n\t\t\t<h6 class=\"elementor-heading-title elementor-size-default\"><a href=\"https:\/\/tett-hely.hu\/\">Email: tetthely.egyes\u00fclet@gmail.com<br>Instagram\/Facebook: tetthelyegyesulet<br>Website: https:\/\/tett-hely.hu\/ <\/a><\/h6>\t\t<\/div>\n\t\t\t\t<\/div>\n\t\t\t\t\t<\/div>\n\t\t<\/div>\n\t\t\t\t<div class=\"elementor-column elementor-col-50 elementor-top-column elementor-element elementor-element-477ba91\" data-id=\"477ba91\" data-element_type=\"column\" data-settings=\"{&quot;background_background&quot;:&quot;classic&quot;}\">\n\t\t\t<div class=\"elementor-widget-wrap elementor-element-populated\">\n\t\t\t\t\t\t\t\t<div class=\"elementor-element elementor-element-9e04fbb elementor-widget elementor-widget-image\" data-id=\"9e04fbb\" data-element_type=\"widget\" data-widget_type=\"image.default\">\n\t\t\t\t<div class=\"elementor-widget-container\">\n\t\t\t\t\t\t\t\t\t\t\t\t\t\t\t<img loading=\"lazy\" decoding=\"async\" width=\"1024\" height=\"576\" src=\"https:\/\/youthincubation.tett-hely.hu\/wp-content\/uploads\/2023\/10\/20-1024x576.jpg\" class=\"attachment-large size-large wp-image-2365\" alt=\"\" srcset=\"https:\/\/youthincubation.tett-hely.hu\/wp-content\/uploads\/2023\/10\/20-1024x576.jpg 1024w, https:\/\/youthincubation.tett-hely.hu\/wp-content\/uploads\/2023\/10\/20-300x169.jpg 300w, https:\/\/youthincubation.tett-hely.hu\/wp-content\/uploads\/2023\/10\/20-768x432.jpg 768w, https:\/\/youthincubation.tett-hely.hu\/wp-content\/uploads\/2023\/10\/20-1536x864.jpg 1536w, https:\/\/youthincubation.tett-hely.hu\/wp-content\/uploads\/2023\/10\/20.jpg 1920w\" sizes=\"auto, (max-width: 1024px) 100vw, 1024px\" \/>\t\t\t\t\t\t\t\t\t\t\t\t\t\t\t<\/div>\n\t\t\t\t<\/div>\n\t\t\t\t\t<\/div>\n\t\t<\/div>\n\t\t\t\t\t\t\t<\/div>\n\t\t<\/section>\n\t\t\t\t<section class=\"elementor-section elementor-top-section elementor-element elementor-element-4cc63fc elementor-section-boxed elementor-section-height-default elementor-section-height-default\" data-id=\"4cc63fc\" data-element_type=\"section\" data-settings=\"{&quot;background_background&quot;:&quot;classic&quot;}\">\n\t\t\t\t\t\t<div class=\"elementor-container elementor-column-gap-no\">\n\t\t\t\t\t<div class=\"elementor-column elementor-col-50 elementor-top-column elementor-element elementor-element-508357b\" data-id=\"508357b\" data-element_type=\"column\" data-settings=\"{&quot;background_background&quot;:&quot;classic&quot;}\">\n\t\t\t<div class=\"elementor-widget-wrap elementor-element-populated\">\n\t\t\t\t\t\t\t\t<div class=\"elementor-element elementor-element-18f11bb elementor-widget elementor-widget-image\" data-id=\"18f11bb\" data-element_type=\"widget\" data-widget_type=\"image.default\">\n\t\t\t\t<div class=\"elementor-widget-container\">\n\t\t\t\t\t\t\t\t\t\t\t\t\t\t\t<img loading=\"lazy\" decoding=\"async\" width=\"1024\" height=\"576\" src=\"https:\/\/youthincubation.tett-hely.hu\/wp-content\/uploads\/2023\/10\/19-1024x576.jpg\" class=\"attachment-large size-large wp-image-2364\" alt=\"\" srcset=\"https:\/\/youthincubation.tett-hely.hu\/wp-content\/uploads\/2023\/10\/19-1024x576.jpg 1024w, https:\/\/youthincubation.tett-hely.hu\/wp-content\/uploads\/2023\/10\/19-300x169.jpg 300w, https:\/\/youthincubation.tett-hely.hu\/wp-content\/uploads\/2023\/10\/19-768x432.jpg 768w, https:\/\/youthincubation.tett-hely.hu\/wp-content\/uploads\/2023\/10\/19-1536x864.jpg 1536w, https:\/\/youthincubation.tett-hely.hu\/wp-content\/uploads\/2023\/10\/19.jpg 1920w\" sizes=\"auto, (max-width: 1024px) 100vw, 1024px\" \/>\t\t\t\t\t\t\t\t\t\t\t\t\t\t\t<\/div>\n\t\t\t\t<\/div>\n\t\t\t\t\t<\/div>\n\t\t<\/div>\n\t\t\t\t<div class=\"elementor-column elementor-col-50 elementor-top-column elementor-element elementor-element-9876dc3\" data-id=\"9876dc3\" data-element_type=\"column\">\n\t\t\t<div class=\"elementor-widget-wrap elementor-element-populated\">\n\t\t\t\t\t\t\t\t<div class=\"elementor-element elementor-element-ccf1bb0 elementor-widget elementor-widget-heading\" data-id=\"ccf1bb0\" data-element_type=\"widget\" data-widget_type=\"heading.default\">\n\t\t\t\t<div class=\"elementor-widget-container\">\n\t\t\t<h5 class=\"elementor-heading-title elementor-size-default\">Erasmus+Ungdom <\/h5>\t\t<\/div>\n\t\t\t\t<\/div>\n\t\t\t\t<div class=\"elementor-element elementor-element-7f895f2 elementor-widget elementor-widget-text-editor\" data-id=\"7f895f2\" data-element_type=\"widget\" data-widget_type=\"text-editor.default\">\n\t\t\t\t<div class=\"elementor-widget-container\">\n\t\t\t\t\t\t\t<p><strong><a href=\"https:\/\/erasmus-plus.ec.europa.eu\/\">Erasmus+<\/a> <\/strong>is the European Union&#8217;s program for education, training, youth, and sports.<\/p><p>The program has a budget of 26.5 billion euros for the period 2021-2027, representing a 90 percent increase compared to the previous period. Approximately 10 percent of this budget is allocated to the youth component of the program.<\/p><p>\u00a0<\/p><p><a href=\"https:\/\/erasmusplussungdom.no\/\"><strong>Erasmus+ Ungdom<\/strong><\/a> is The Norwegian National Agency responsible for administering Erasmus+ Youth, the youth component of Erasmus+, in Norway is the Directorate for Children, Youth, and Family Affairs (Bufdir).<\/p><p>They support projects involving youth aged 13-30 and those working with youth. In 2023, we have approximately 62 million Norwegian kroner available for youth projects in Norway. Ten percent of these funds are allocated to accredited organisations.<\/p><p>\u00a0<\/p><p>I.D.E.A. was funded by Erasmus+ Ungdom\u00a0<\/p><p>If you are interested to participate in youth projects, or want to make one yourself, get in touch with them!<\/p>\t\t\t\t\t\t<\/div>\n\t\t\t\t<\/div>\n\t\t\t\t<div class=\"elementor-element elementor-element-ed20779 elementor-widget elementor-widget-heading\" data-id=\"ed20779\" data-element_type=\"widget\" data-widget_type=\"heading.default\">\n\t\t\t\t<div class=\"elementor-widget-container\">\n\t\t\t<h6 class=\"elementor-heading-title elementor-size-default\"><a href=\"https:\/\/instagram.com\/ydagder?igshid=NzZlODBkYWE4Ng%3D%3D&#038;utm_source=qr\">Email: erasmusungdom@bufdir.no<br>Website: https:\/\/erasmusplussungdom.no\/<br>Phone: +47 466 16 360 <\/a><\/h6>\t\t<\/div>\n\t\t\t\t<\/div>\n\t\t\t\t\t<\/div>\n\t\t<\/div>\n\t\t\t\t\t\t\t<\/div>\n\t\t<\/section>\n\t\t\t\t<section class=\"elementor-section elementor-top-section elementor-element elementor-element-5f44d8ad elementor-section-content-middle elementor-section-boxed elementor-section-height-default elementor-section-height-default\" data-id=\"5f44d8ad\" data-element_type=\"section\" data-settings=\"{&quot;background_background&quot;:&quot;video&quot;,&quot;background_video_link&quot;:&quot;https:\\\/\\\/youtu.be\\\/tMvi_JsgsQA&quot;,&quot;background_video_start&quot;:0,&quot;background_video_end&quot;:25}\">\n\t\t\t\t\t\t\t\t<div class=\"elementor-background-video-container elementor-hidden-phone\">\n\t\t\t\t\t\t\t\t\t\t\t\t\t<div class=\"elementor-background-video-embed\"><\/div>\n\t\t\t\t\t\t\t\t\t\t\t\t<\/div>\n\t\t\t\t\t\t\t\t<div class=\"elementor-container elementor-column-gap-default\">\n\t\t\t\t\t<div class=\"elementor-column elementor-col-100 elementor-top-column elementor-element elementor-element-3264f23b\" data-id=\"3264f23b\" data-element_type=\"column\">\n\t\t\t<div class=\"elementor-widget-wrap elementor-element-populated\">\n\t\t\t\t\t\t\t\t<div class=\"elementor-element elementor-element-7d3489cf elementor-widget elementor-widget-heading\" data-id=\"7d3489cf\" data-element_type=\"widget\" data-widget_type=\"heading.default\">\n\t\t\t\t<div class=\"elementor-widget-container\">\n\t\t\t<h2 class=\"elementor-heading-title elementor-size-default\">Contact us<\/h2>\t\t<\/div>\n\t\t\t\t<\/div>\n\t\t\t\t<div class=\"elementor-element elementor-element-32373cf5 elementor-widget elementor-widget-text-editor\" data-id=\"32373cf5\" data-element_type=\"widget\" data-widget_type=\"text-editor.default\">\n\t\t\t\t<div class=\"elementor-widget-container\">\n\t\t\t\t\t\t\t<p>Have any questions or comments?\u00a0<\/p>\t\t\t\t\t\t<\/div>\n\t\t\t\t<\/div>\n\t\t\t\t<div class=\"elementor-element elementor-element-563601cc elementor-align-center elementor-widget elementor-widget-button\" data-id=\"563601cc\" data-element_type=\"widget\" data-widget_type=\"button.default\">\n\t\t\t\t<div class=\"elementor-widget-container\">\n\t\t\t\t\t<div class=\"elementor-button-wrapper\">\n\t\t\t<a class=\"elementor-button elementor-button-link elementor-size-sm\" href=\"https:\/\/youthincubation.tett-hely.hu\/index.php\/contact\/\">\n\t\t\t\t\t\t<span class=\"elementor-button-content-wrapper\">\n\t\t\t\t\t\t<span class=\"elementor-button-icon elementor-align-icon-left\">\n\t\t\t\t<i aria-hidden=\"true\" class=\"far fa-comments\"><\/i>\t\t\t<\/span>\n\t\t\t\t\t\t<span class=\"elementor-button-text\">Get In Touch<\/span>\n\t\t<\/span>\n\t\t\t\t\t<\/a>\n\t\t<\/div>\n\t\t\t\t<\/div>\n\t\t\t\t<\/div>\n\t\t\t\t\t<\/div>\n\t\t<\/div>\n\t\t\t\t\t\t\t<\/div>\n\t\t<\/section>\n\t\t\t\t\t\t\t<\/div>\n\t\t","protected":false},"excerpt":{"rendered":"<p>PARTNER ORGANISATIONS Youth for Diversity Agder I.D.E.A. Project beneficiary \u00a0 MISSION:\u00a0 To break down misconceptions around and discrimination towards minorities and work towards a sustainable and environmentally friendly future with the use of digitalisation through local and global community work.\u00a0 ACTIVITIES: YDA has local and international activities all with a focus on non-formal learning, democracy, &hellip;<\/p>\n<p class=\"read-more\"> <a class=\"\" href=\"https:\/\/youthincubation.eu\/index.php\/partner-organizations\/\"> <span class=\"screen-reader-text\">Partner organizations<\/span> Read More &raquo;<\/a><\/p>\n","protected":false},"author":2,"featured_media":0,"parent":0,"menu_order":0,"comment_status":"closed","ping_status":"closed","template":"","meta":{"site-sidebar-layout":"no-sidebar","site-content-layout":"page-builder","ast-site-content-layout":"full-width-container","site-content-style":"default","site-sidebar-style":"default","ast-global-header-display":"","ast-banner-title-visibility":"","ast-main-header-display":"","ast-hfb-above-header-display":"","ast-hfb-below-header-display":"","ast-hfb-mobile-header-display":"","site-post-title":"disabled","ast-breadcrumbs-content":"","ast-featured-img":"disabled","footer-sml-layout":"","theme-transparent-header-meta":"enabled","adv-header-id-meta":"","stick-header-meta":"","header-above-stick-meta":"","header-main-stick-meta":"","header-below-stick-meta":"","astra-migrate-meta-layouts":"set","footnotes":""},"class_list":["post-1862","page","type-page","status-publish","hentry"],"_links":{"self":[{"href":"https:\/\/youthincubation.eu\/index.php\/wp-json\/wp\/v2\/pages\/1862","targetHints":{"allow":["GET"]}}],"collection":[{"href":"https:\/\/youthincubation.eu\/index.php\/wp-json\/wp\/v2\/pages"}],"about":[{"href":"https:\/\/youthincubation.eu\/index.php\/wp-json\/wp\/v2\/types\/page"}],"author":[{"embeddable":true,"href":"https:\/\/youthincubation.eu\/index.php\/wp-json\/wp\/v2\/users\/2"}],"replies":[{"embeddable":true,"href":"https:\/\/youthincubation.eu\/index.php\/wp-json\/wp\/v2\/comments?post=1862"}],"version-history":[{"count":76,"href":"https:\/\/youthincubation.eu\/index.php\/wp-json\/wp\/v2\/pages\/1862\/revisions"}],"predecessor-version":[{"id":2932,"href":"https:\/\/youthincubation.eu\/index.php\/wp-json\/wp\/v2\/pages\/1862\/revisions\/2932"}],"wp:attachment":[{"href":"https:\/\/youthincubation.eu\/index.php\/wp-json\/wp\/v2\/media?parent=1862"}],"curies":[{"name":"wp","href":"https:\/\/api.w.org\/{rel}","templated":true}]}}